{"id":24,"date":"2021-05-25T10:12:00","date_gmt":"2021-05-25T10:12:00","guid":{"rendered":"https:\/\/bonjovirevival.sk\/index.php\/home\/"},"modified":"2026-04-23T14:44:08","modified_gmt":"2026-04-23T12:44:08","slug":"home","status":"publish","type":"page","link":"https:\/\/bonjovirevival.sk\/en\/","title":{"rendered":"Home"},"content":{"rendered":"<div data-elementor-type=\"wp-page\" data-elementor-id=\"24\" class=\"elementor elementor-24\">\n\t\t\t\t\t\t<section class=\"elementor-section elementor-top-section elementor-element elementor-element-bafb4cf elementor-section-height-full elementor-section-items-bottom animated-fast elementor-section-boxed elementor-section-height-default elementor-invisible\" data-id=\"bafb4cf\" data-element_type=\"section\" data-settings=\"{&quot;background_background&quot;:&quot;classic&quot;,&quot;animation&quot;:&quot;slideInDown&quot;}\">\n\t\t\t\t\t\t\t<div class=\"elementor-background-overlay\"><\/div>\n\t\t\t\t\t\t\t<div class=\"elementor-container elementor-column-gap-no\">\n\t\t\t\t\t<div class=\"elementor-column elementor-col-100 elementor-top-column elementor-element elementor-element-f59d6c5 animated-fast elementor-invisible\" data-id=\"f59d6c5\" data-element_type=\"column\" data-settings=\"{&quot;animation&quot;:&quot;slideInDown&quot;}\">\n\t\t\t<div class=\"elementor-widget-wrap elementor-element-populated\">\n\t\t\t\t\t\t<div class=\"elementor-element elementor-element-0513096 elementor-widget elementor-widget-image\" data-id=\"0513096\" data-element_type=\"widget\" data-widget_type=\"image.default\">\n\t\t\t\t<div class=\"elementor-widget-container\">\n\t\t\t\t\t\t\t\t\t\t\t\t\t\t\t<img fetchpriority=\"high\" decoding=\"async\" width=\"1536\" height=\"1117\" src=\"https:\/\/bonjovirevival.sk\/wp-content\/uploads\/2025\/11\/BJrevival2025title-1536x1117.png\" class=\"attachment-1536x1536 size-1536x1536 wp-image-1956\" alt=\"\" srcset=\"https:\/\/bonjovirevival.sk\/wp-content\/uploads\/2025\/11\/BJrevival2025title-1536x1117.png 1536w, https:\/\/bonjovirevival.sk\/wp-content\/uploads\/2025\/11\/BJrevival2025title-400x291.png 400w, https:\/\/bonjovirevival.sk\/wp-content\/uploads\/2025\/11\/BJrevival2025title-1024x745.png 1024w, https:\/\/bonjovirevival.sk\/wp-content\/uploads\/2025\/11\/BJrevival2025title-150x109.png 150w, https:\/\/bonjovirevival.sk\/wp-content\/uploads\/2025\/11\/BJrevival2025title-768x559.png 768w, https:\/\/bonjovirevival.sk\/wp-content\/uploads\/2025\/11\/BJrevival2025title-2048x1490.png 2048w, https:\/\/bonjovirevival.sk\/wp-content\/uploads\/2025\/11\/BJrevival2025title-16x12.png 16w\" sizes=\"(max-width: 1536px) 100vw, 1536px\" \/>\t\t\t\t\t\t\t\t\t\t\t\t\t\t\t<\/div>\n\t\t\t\t<\/div>\n\t\t\t\t\t<\/div>\n\t\t<\/div>\n\t\t\t\t\t<\/div>\n\t\t<\/section>\n\t\t\t\t<section class=\"elementor-section elementor-top-section elementor-element elementor-element-b76eaeb elementor-section-boxed elementor-section-height-default elementor-section-height-default\" data-id=\"b76eaeb\" data-element_type=\"section\">\n\t\t\t\t\t\t<div class=\"elementor-container elementor-column-gap-default\">\n\t\t\t\t\t<div class=\"elementor-column elementor-col-100 elementor-top-column elementor-element elementor-element-3ec8a14\" data-id=\"3ec8a14\" data-element_type=\"column\">\n\t\t\t<div class=\"elementor-widget-wrap elementor-element-populated\">\n\t\t\t\t\t\t<div class=\"elementor-element elementor-element-1110e59 elementor-invisible elementor-widget elementor-widget-image\" data-id=\"1110e59\" data-element_type=\"widget\" data-settings=\"{&quot;_animation&quot;:&quot;bounceIn&quot;}\" data-widget_type=\"image.default\">\n\t\t\t\t<div class=\"elementor-widget-container\">\n\t\t\t\t\t\t\t\t\t\t\t\t\t\t\t<img decoding=\"async\" width=\"819\" height=\"1024\" src=\"https:\/\/bonjovirevival.sk\/wp-content\/uploads\/2026\/04\/BON_JOVI_revival_05_26-819x1024.png\" class=\"attachment-large size-large wp-image-2617\" alt=\"\" srcset=\"https:\/\/bonjovirevival.sk\/wp-content\/uploads\/2026\/04\/BON_JOVI_revival_05_26-819x1024.png 819w, https:\/\/bonjovirevival.sk\/wp-content\/uploads\/2026\/04\/BON_JOVI_revival_05_26-240x300.png 240w, https:\/\/bonjovirevival.sk\/wp-content\/uploads\/2026\/04\/BON_JOVI_revival_05_26-120x150.png 120w, https:\/\/bonjovirevival.sk\/wp-content\/uploads\/2026\/04\/BON_JOVI_revival_05_26-768x960.png 768w, https:\/\/bonjovirevival.sk\/wp-content\/uploads\/2026\/04\/BON_JOVI_revival_05_26-10x12.png 10w, https:\/\/bonjovirevival.sk\/wp-content\/uploads\/2026\/04\/BON_JOVI_revival_05_26.png 1080w\" sizes=\"(max-width: 819px) 100vw, 819px\" \/>\t\t\t\t\t\t\t\t\t\t\t\t\t\t\t<\/div>\n\t\t\t\t<\/div>\n\t\t\t\t\t<\/div>\n\t\t<\/div>\n\t\t\t\t\t<\/div>\n\t\t<\/section>\n\t\t\t\t<section class=\"elementor-section elementor-top-section elementor-element elementor-element-dcc88b1 elementor-section-boxed elementor-section-height-default elementor-section-height-default\" data-id=\"dcc88b1\" data-element_type=\"section\">\n\t\t\t\t\t\t<div class=\"elementor-container elementor-column-gap-default\">\n\t\t\t\t\t<div class=\"elementor-column elementor-col-100 elementor-top-column elementor-element elementor-element-dab92a9\" data-id=\"dab92a9\" data-element_type=\"column\">\n\t\t\t<div class=\"elementor-widget-wrap elementor-element-populated\">\n\t\t\t\t\t\t<div class=\"elementor-element elementor-element-b00825b elementor-widget elementor-widget-video\" data-id=\"b00825b\" data-element_type=\"widget\" data-settings=\"{&quot;youtube_url&quot;:&quot;https:\\\/\\\/www.youtube.com\\\/watch?v=rVk-FdnZpFc&quot;,&quot;video_type&quot;:&quot;youtube&quot;,&quot;controls&quot;:&quot;yes&quot;}\" data-widget_type=\"video.default\">\n\t\t\t\t<div class=\"elementor-widget-container\">\n\t\t\t\t\t\t\t<div class=\"elementor-wrapper elementor-open-inline\">\n\t\t\t<div class=\"elementor-video\"><\/div>\t\t<\/div>\n\t\t\t\t\t\t<\/div>\n\t\t\t\t<\/div>\n\t\t\t\t\t<\/div>\n\t\t<\/div>\n\t\t\t\t\t<\/div>\n\t\t<\/section>\n\t\t\t\t<section class=\"elementor-section elementor-top-section elementor-element elementor-element-4b07a596 elementor-section-content-middle elementor-section-boxed elementor-section-height-default elementor-section-height-default\" data-id=\"4b07a596\" data-element_type=\"section\" data-settings=\"{&quot;background_background&quot;:&quot;classic&quot;}\">\n\t\t\t\t\t\t<div class=\"elementor-container elementor-column-gap-no\">\n\t\t\t\t\t<div class=\"elementor-column elementor-col-33 elementor-top-column elementor-element elementor-element-6e382409\" data-id=\"6e382409\" data-element_type=\"column\">\n\t\t\t<div class=\"elementor-widget-wrap elementor-element-populated\">\n\t\t\t\t\t\t<div class=\"elementor-element elementor-element-4b7d8793 elementor-invisible elementor-widget elementor-widget-image\" data-id=\"4b7d8793\" data-element_type=\"widget\" data-settings=\"{&quot;_animation&quot;:&quot;bounceInLeft&quot;}\" data-widget_type=\"image.default\">\n\t\t\t\t<div class=\"elementor-widget-container\">\n\t\t\t\t\t\t\t\t\t\t\t\t\t\t\t<img decoding=\"async\" width=\"1024\" height=\"720\" src=\"https:\/\/bonjovirevival.sk\/wp-content\/uploads\/2023\/08\/rado-1-1024x720.jpg\" class=\"elementor-animation-grow attachment-large size-large wp-image-880\" alt=\"\" srcset=\"https:\/\/bonjovirevival.sk\/wp-content\/uploads\/2023\/08\/rado-1-1024x720.jpg 1024w, https:\/\/bonjovirevival.sk\/wp-content\/uploads\/2023\/08\/rado-1-600x422.jpg 600w, https:\/\/bonjovirevival.sk\/wp-content\/uploads\/2023\/08\/rado-1-300x211.jpg 300w, https:\/\/bonjovirevival.sk\/wp-content\/uploads\/2023\/08\/rado-1-768x540.jpg 768w, https:\/\/bonjovirevival.sk\/wp-content\/uploads\/2023\/08\/rado-1-1536x1080.jpg 1536w, https:\/\/bonjovirevival.sk\/wp-content\/uploads\/2023\/08\/rado-1-2048x1439.jpg 2048w\" sizes=\"(max-width: 1024px) 100vw, 1024px\" \/>\t\t\t\t\t\t\t\t\t\t\t\t\t\t\t<\/div>\n\t\t\t\t<\/div>\n\t\t\t\t<div class=\"elementor-element elementor-element-e00c4ed elementor-invisible elementor-widget elementor-widget-text-editor\" data-id=\"e00c4ed\" data-element_type=\"widget\" data-settings=\"{&quot;_animation&quot;:&quot;bounceIn&quot;,&quot;_animation_mobile&quot;:&quot;bounceIn&quot;}\" data-widget_type=\"text-editor.default\">\n\t\t\t\t<div class=\"elementor-widget-container\">\n\t\t\t\t\t\t\t\t\t<p>The Slovak band \"BJrevival\" from Ko\u0161ice was formed in 2010. In the beginning, they were brought together by the desire to play world-famous rock cover songs. Among the songs that made it into their playlist were those of the American band Bon Jovi.<\/p>\t\t\t\t\t\t\t\t<\/div>\n\t\t\t\t<\/div>\n\t\t\t\t\t<\/div>\n\t\t<\/div>\n\t\t\t\t<div class=\"elementor-column elementor-col-33 elementor-top-column elementor-element elementor-element-4ddddcb5\" data-id=\"4ddddcb5\" data-element_type=\"column\">\n\t\t\t<div class=\"elementor-widget-wrap elementor-element-populated\">\n\t\t\t\t\t\t<div class=\"elementor-element elementor-element-4e1bc3cb elementor-invisible elementor-widget elementor-widget-image\" data-id=\"4e1bc3cb\" data-element_type=\"widget\" data-settings=\"{&quot;_animation&quot;:&quot;fadeInDown&quot;}\" data-widget_type=\"image.default\">\n\t\t\t\t<div class=\"elementor-widget-container\">\n\t\t\t\t\t\t\t\t\t\t\t\t\t\t\t<img loading=\"lazy\" decoding=\"async\" width=\"1024\" height=\"812\" src=\"https:\/\/bonjovirevival.sk\/wp-content\/uploads\/2025\/11\/BJrevival_about3-1024x812.jpg\" class=\"elementor-animation-grow attachment-large size-large wp-image-2521\" alt=\"\" srcset=\"https:\/\/bonjovirevival.sk\/wp-content\/uploads\/2025\/11\/BJrevival_about3-1024x812.jpg 1024w, https:\/\/bonjovirevival.sk\/wp-content\/uploads\/2025\/11\/BJrevival_about3-378x300.jpg 378w, https:\/\/bonjovirevival.sk\/wp-content\/uploads\/2025\/11\/BJrevival_about3-150x119.jpg 150w, https:\/\/bonjovirevival.sk\/wp-content\/uploads\/2025\/11\/BJrevival_about3-768x609.jpg 768w, https:\/\/bonjovirevival.sk\/wp-content\/uploads\/2025\/11\/BJrevival_about3-1536x1219.jpg 1536w, https:\/\/bonjovirevival.sk\/wp-content\/uploads\/2025\/11\/BJrevival_about3-2048x1625.jpg 2048w, https:\/\/bonjovirevival.sk\/wp-content\/uploads\/2025\/11\/BJrevival_about3-15x12.jpg 15w\" sizes=\"(max-width: 1024px) 100vw, 1024px\" \/>\t\t\t\t\t\t\t\t\t\t\t\t\t\t\t<\/div>\n\t\t\t\t<\/div>\n\t\t\t\t<div class=\"elementor-element elementor-element-64b92c1b elementor-invisible elementor-widget elementor-widget-text-editor\" data-id=\"64b92c1b\" data-element_type=\"widget\" data-settings=\"{&quot;_animation&quot;:&quot;bounceIn&quot;,&quot;_animation_mobile&quot;:&quot;bounceIn&quot;}\" data-widget_type=\"text-editor.default\">\n\t\t\t\t<div class=\"elementor-widget-container\">\n\t\t\t\t\t\t\t\t\t<p>The band\u2019s frontman and singer, Rado Moznich, had a natural connection to Bon Jovi thanks to his unique voice, which is strikingly similar to Jon Bon Jovi\u2019s. Over time, they performed more and more of Bon Jovi\u2019s songs at their live shows.<\/p>\t\t\t\t\t\t\t\t<\/div>\n\t\t\t\t<\/div>\n\t\t\t\t\t<\/div>\n\t\t<\/div>\n\t\t\t\t<div class=\"elementor-column elementor-col-33 elementor-top-column elementor-element elementor-element-5569fc5\" data-id=\"5569fc5\" data-element_type=\"column\">\n\t\t\t<div class=\"elementor-widget-wrap elementor-element-populated\">\n\t\t\t\t\t\t<div class=\"elementor-element elementor-element-721e8249 elementor-invisible elementor-widget elementor-widget-image\" data-id=\"721e8249\" data-element_type=\"widget\" data-settings=\"{&quot;_animation&quot;:&quot;bounceInRight&quot;}\" data-widget_type=\"image.default\">\n\t\t\t\t<div class=\"elementor-widget-container\">\n\t\t\t\t\t\t\t\t\t\t\t\t\t\t\t<img loading=\"lazy\" decoding=\"async\" width=\"1024\" height=\"682\" src=\"https:\/\/bonjovirevival.sk\/wp-content\/uploads\/2025\/01\/bon-jovi-revival-9-1024x682.jpg\" class=\"elementor-animation-grow attachment-large size-large wp-image-1428\" alt=\"\" srcset=\"https:\/\/bonjovirevival.sk\/wp-content\/uploads\/2025\/01\/bon-jovi-revival-9-1024x682.jpg 1024w, https:\/\/bonjovirevival.sk\/wp-content\/uploads\/2025\/01\/bon-jovi-revival-9-400x266.jpg 400w, https:\/\/bonjovirevival.sk\/wp-content\/uploads\/2025\/01\/bon-jovi-revival-9-150x100.jpg 150w, https:\/\/bonjovirevival.sk\/wp-content\/uploads\/2025\/01\/bon-jovi-revival-9-768x511.jpg 768w, https:\/\/bonjovirevival.sk\/wp-content\/uploads\/2025\/01\/bon-jovi-revival-9-1536x1023.jpg 1536w, https:\/\/bonjovirevival.sk\/wp-content\/uploads\/2025\/01\/bon-jovi-revival-9-2048x1364.jpg 2048w, https:\/\/bonjovirevival.sk\/wp-content\/uploads\/2025\/01\/bon-jovi-revival-9-18x12.jpg 18w, https:\/\/bonjovirevival.sk\/wp-content\/uploads\/2025\/01\/bon-jovi-revival-9-100x67.jpg 100w, https:\/\/bonjovirevival.sk\/wp-content\/uploads\/2025\/01\/bon-jovi-revival-9-300x200.jpg 300w, https:\/\/bonjovirevival.sk\/wp-content\/uploads\/2025\/01\/bon-jovi-revival-9-50x33.jpg 50w, https:\/\/bonjovirevival.sk\/wp-content\/uploads\/2025\/01\/bon-jovi-revival-9-600x400.jpg 600w\" sizes=\"(max-width: 1024px) 100vw, 1024px\" \/>\t\t\t\t\t\t\t\t\t\t\t\t\t\t\t<\/div>\n\t\t\t\t<\/div>\n\t\t\t\t<div class=\"elementor-element elementor-element-54acf63 elementor-invisible elementor-widget elementor-widget-text-editor\" data-id=\"54acf63\" data-element_type=\"widget\" data-settings=\"{&quot;_animation&quot;:&quot;bounceIn&quot;,&quot;_animation_mobile&quot;:&quot;bounceIn&quot;}\" data-widget_type=\"text-editor.default\">\n\t\t\t\t<div class=\"elementor-widget-container\">\n\t\t\t\t\t\t\t\t\t<p class=\"translation-block\">The positive feedback on these songs and the joy they brought to people at concerts ultimately led the band to continue to this day as the Slovak revival band \"Bon Jovi revival - TRIBUTE to BON JOVI.\u201d<\/p>\t\t\t\t\t\t\t\t<\/div>\n\t\t\t\t<\/div>\n\t\t\t\t\t<\/div>\n\t\t<\/div>\n\t\t\t\t\t<\/div>\n\t\t<\/section>\n\t\t\t\t<section class=\"elementor-section elementor-top-section elementor-element elementor-element-7e4b1d8 elementor-section-boxed elementor-section-height-default elementor-section-height-default\" data-id=\"7e4b1d8\" data-element_type=\"section\">\n\t\t\t\t\t\t<div class=\"elementor-container elementor-column-gap-default\">\n\t\t\t\t\t<div class=\"elementor-column elementor-col-100 elementor-top-column elementor-element elementor-element-2d6b8c4\" data-id=\"2d6b8c4\" data-element_type=\"column\">\n\t\t\t<div class=\"elementor-widget-wrap elementor-element-populated\">\n\t\t\t\t\t\t<div class=\"elementor-element elementor-element-308a25e elementor-invisible elementor-widget elementor-widget-heading\" data-id=\"308a25e\" data-element_type=\"widget\" data-settings=\"{&quot;_animation&quot;:&quot;slideInRight&quot;,&quot;_animation_mobile&quot;:&quot;bounceInRight&quot;}\" data-widget_type=\"heading.default\">\n\t\t\t\t<div class=\"elementor-widget-container\">\n\t\t\t\t\t<h2 class=\"elementor-heading-title elementor-size-default\">DO YOU WANT<br>TO EXPERIENCE <br>IT LIVE ?<\/h2>\t\t\t\t<\/div>\n\t\t\t\t<\/div>\n\t\t\t\t\t<\/div>\n\t\t<\/div>\n\t\t\t\t\t<\/div>\n\t\t<\/section>\n\t\t\t\t<section class=\"elementor-section elementor-top-section elementor-element elementor-element-3uu33jj elementor-section-boxed elementor-section-height-default elementor-section-height-default\" data-id=\"3uu33jj\" data-element_type=\"section\" data-settings=\"{&quot;background_background&quot;:&quot;gradient&quot;}\">\n\t\t\t\t\t\t<div class=\"elementor-container elementor-column-gap-default\">\n\t\t\t\t\t<div class=\"elementor-column elementor-col-100 elementor-top-column elementor-element elementor-element-ebb2ba7\" data-id=\"ebb2ba7\" data-element_type=\"column\">\n\t\t\t<div class=\"elementor-widget-wrap elementor-element-populated\">\n\t\t\t\t\t\t<div class=\"elementor-element elementor-element-beb0353 elementor-invisible elementor-widget elementor-widget-heading\" data-id=\"beb0353\" data-element_type=\"widget\" data-settings=\"{&quot;_animation&quot;:&quot;fadeInLeft&quot;,&quot;_animation_mobile&quot;:&quot;bounceInLeft&quot;}\" data-widget_type=\"heading.default\">\n\t\t\t\t<div class=\"elementor-widget-container\">\n\t\t\t\t\t<h2 class=\"elementor-heading-title elementor-size-default\">CONTACT US<\/h2>\t\t\t\t<\/div>\n\t\t\t\t<\/div>\n\t\t\t\t\t<\/div>\n\t\t<\/div>\n\t\t\t\t\t<\/div>\n\t\t<\/section>\n\t\t\t\t<\/div>","protected":false},"excerpt":{"rendered":"<p>Slovensk\u00e1 kapela BJ revival z Ko\u0161\u00edc vznikla v roku 2010. V za\u010diatkoch ich spojila t\u00fa\u017eba hra\u0165 svetozn\u00e1me rockov\u00e9 &#8222;covery&#8220; piesne. Do playlistu sa im vmie\u0161ala aj americk\u00e1 kapela Bon Jovi. K Bon Jovi mal frontman a spev\u00e1k kapely Rado Moznich bl\u00edzko v\u010faka ve\u013emi jedine\u010dn\u00e9mu a podobn\u00e9mu hlasu s Jonom Bon Jovim. Postupom \u010dasu hrali na [&hellip;]<\/p>","protected":false},"author":1,"featured_media":0,"parent":0,"menu_order":0,"comment_status":"closed","ping_status":"closed","template":"","meta":{"site-sidebar-layout":"no-sidebar","site-content-layout":"page-builder","ast-site-content-layout":"full-width-container","site-content-style":"unboxed","site-sidebar-style":"unboxed","ast-global-header-display":"","ast-banner-title-visibility":"","ast-main-header-display":"","ast-hfb-above-header-display":"","ast-hfb-below-header-display":"","ast-hfb-mobile-header-display":"","site-post-title":"disabled","ast-breadcrumbs-content":"disabled","ast-featured-img":"disabled","footer-sml-layout":"","ast-disable-related-posts":"","theme-transparent-header-meta":"enabled","adv-header-id-meta":"","stick-header-meta":"","header-above-stick-meta":"","header-main-stick-meta":"","header-below-stick-meta":"","astra-migrate-meta-layouts":"set","ast-page-background-enabled":"default","ast-page-background-meta":{"desktop":{"background-color":"","background-image":"","background-repeat":"repeat","background-position":"center center","background-size":"auto","background-attachment":"scroll","background-type":"","background-media":"","overlay-type":"","overlay-color":"","overlay-opacity":"","overlay-gradient":""},"tablet":{"background-color":"","background-image":"","background-repeat":"repeat","background-position":"center center","background-size":"auto","background-attachment":"scroll","background-type":"","background-media":"","overlay-type":"","overlay-color":"","overlay-opacity":"","overlay-gradient":""},"mobile":{"background-color":"","background-image":"","background-repeat":"repeat","background-position":"center center","background-size":"auto","background-attachment":"scroll","background-type":"","background-media":"","overlay-type":"","overlay-color":"","overlay-opacity":"","overlay-gradient":""}},"ast-content-background-meta":{"desktop":{"background-color":"var(--ast-global-color-5)","background-image":"","background-repeat":"repeat","background-position":"center center","background-size":"auto","background-attachment":"scroll","background-type":"","background-media":"","overlay-type":"","overlay-color":"","overlay-opacity":"","overlay-gradient":""},"tablet":{"background-color":"var(--ast-global-color-5)","background-image":"","background-repeat":"repeat","background-position":"center center","background-size":"auto","background-attachment":"scroll","background-type":"","background-media":"","overlay-type":"","overlay-color":"","overlay-opacity":"","overlay-gradient":""},"mobile":{"background-color":"var(--ast-global-color-5)","background-image":"","background-repeat":"repeat","background-position":"center center","background-size":"auto","background-attachment":"scroll","background-type":"","background-media":"","overlay-type":"","overlay-color":"","overlay-opacity":"","overlay-gradient":""}},"footnotes":""},"class_list":["post-24","page","type-page","status-publish","hentry"],"_links":{"self":[{"href":"https:\/\/bonjovirevival.sk\/en\/wp-json\/wp\/v2\/pages\/24","targetHints":{"allow":["GET"]}}],"collection":[{"href":"https:\/\/bonjovirevival.sk\/en\/wp-json\/wp\/v2\/pages"}],"about":[{"href":"https:\/\/bonjovirevival.sk\/en\/wp-json\/wp\/v2\/types\/page"}],"author":[{"embeddable":true,"href":"https:\/\/bonjovirevival.sk\/en\/wp-json\/wp\/v2\/users\/1"}],"replies":[{"embeddable":true,"href":"https:\/\/bonjovirevival.sk\/en\/wp-json\/wp\/v2\/comments?post=24"}],"version-history":[{"count":534,"href":"https:\/\/bonjovirevival.sk\/en\/wp-json\/wp\/v2\/pages\/24\/revisions"}],"predecessor-version":[{"id":2630,"href":"https:\/\/bonjovirevival.sk\/en\/wp-json\/wp\/v2\/pages\/24\/revisions\/2630"}],"wp:attachment":[{"href":"https:\/\/bonjovirevival.sk\/en\/wp-json\/wp\/v2\/media?parent=24"}],"curies":[{"name":"wp","href":"https:\/\/api.w.org\/{rel}","templated":true}]}}