{"id":1040,"date":"2023-09-07T17:19:17","date_gmt":"2023-09-07T17:19:17","guid":{"rendered":"https:\/\/bonjovirevival.sk\/?page_id=1040"},"modified":"2026-04-24T12:07:45","modified_gmt":"2026-04-24T10:07:45","slug":"koncerty","status":"publish","type":"page","link":"https:\/\/bonjovirevival.sk\/en\/koncerty\/","title":{"rendered":"Events"},"content":{"rendered":"<div data-elementor-type=\"wp-page\" data-elementor-id=\"1040\" class=\"elementor elementor-1040\">\n\t\t\t\t\t\t<section class=\"elementor-section elementor-top-section elementor-element elementor-element-r6svawa elementor-section-content-top elementor-section-boxed elementor-section-height-default elementor-section-height-default\" data-id=\"r6svawa\" data-element_type=\"section\" data-settings=\"{&quot;background_background&quot;:&quot;classic&quot;}\">\n\t\t\t\t\t\t\t<div class=\"elementor-background-overlay\"><\/div>\n\t\t\t\t\t\t\t<div class=\"elementor-container elementor-column-gap-no\">\n\t\t\t\t\t<div class=\"elementor-column elementor-col-100 elementor-top-column elementor-element elementor-element-d4838ed\" data-id=\"d4838ed\" data-element_type=\"column\">\n\t\t\t<div class=\"elementor-widget-wrap\">\n\t\t\t\t\t\t\t<\/div>\n\t\t<\/div>\n\t\t\t\t\t<\/div>\n\t\t<\/section>\n\t\t\t\t<section class=\"elementor-section elementor-top-section elementor-element elementor-element-66e4b43 elementor-section-boxed elementor-section-height-default elementor-section-height-default\" data-id=\"66e4b43\" data-element_type=\"section\">\n\t\t\t\t\t\t<div class=\"elementor-container elementor-column-gap-default\">\n\t\t\t\t\t<div class=\"elementor-column elementor-col-100 elementor-top-column elementor-element elementor-element-8e51314\" data-id=\"8e51314\" data-element_type=\"column\">\n\t\t\t<div class=\"elementor-widget-wrap elementor-element-populated\">\n\t\t\t\t\t\t<div class=\"elementor-element elementor-element-28f2cd1 elementor-widget elementor-widget-image\" data-id=\"28f2cd1\" data-element_type=\"widget\" data-widget_type=\"image.default\">\n\t\t\t\t<div class=\"elementor-widget-container\">\n\t\t\t\t\t\t\t\t\t\t\t\t\t\t\t<img fetchpriority=\"high\" decoding=\"async\" width=\"819\" height=\"1024\" src=\"https:\/\/bonjovirevival.sk\/wp-content\/uploads\/2026\/04\/BON_JOVI_revival_05_26-819x1024.png\" class=\"attachment-large size-large wp-image-2617\" alt=\"\" srcset=\"https:\/\/bonjovirevival.sk\/wp-content\/uploads\/2026\/04\/BON_JOVI_revival_05_26-819x1024.png 819w, https:\/\/bonjovirevival.sk\/wp-content\/uploads\/2026\/04\/BON_JOVI_revival_05_26-240x300.png 240w, https:\/\/bonjovirevival.sk\/wp-content\/uploads\/2026\/04\/BON_JOVI_revival_05_26-120x150.png 120w, https:\/\/bonjovirevival.sk\/wp-content\/uploads\/2026\/04\/BON_JOVI_revival_05_26-768x960.png 768w, https:\/\/bonjovirevival.sk\/wp-content\/uploads\/2026\/04\/BON_JOVI_revival_05_26-10x12.png 10w, https:\/\/bonjovirevival.sk\/wp-content\/uploads\/2026\/04\/BON_JOVI_revival_05_26.png 1080w\" sizes=\"(max-width: 819px) 100vw, 819px\" \/>\t\t\t\t\t\t\t\t\t\t\t\t\t\t\t<\/div>\n\t\t\t\t<\/div>\n\t\t\t\t\t<\/div>\n\t\t<\/div>\n\t\t\t\t\t<\/div>\n\t\t<\/section>\n\t\t\t\t<section class=\"elementor-section elementor-top-section elementor-element elementor-element-cf42708 elementor-section-boxed elementor-section-height-default elementor-section-height-default\" data-id=\"cf42708\" data-element_type=\"section\">\n\t\t\t\t\t\t<div class=\"elementor-container elementor-column-gap-default\">\n\t\t\t\t\t<div class=\"elementor-column elementor-col-100 elementor-top-column elementor-element elementor-element-68ba5e5\" data-id=\"68ba5e5\" data-element_type=\"column\">\n\t\t\t<div class=\"elementor-widget-wrap elementor-element-populated\">\n\t\t\t\t\t\t<div class=\"elementor-element elementor-element-d0346e2 elementor-widget elementor-widget-image\" data-id=\"d0346e2\" data-element_type=\"widget\" data-widget_type=\"image.default\">\n\t\t\t\t<div class=\"elementor-widget-container\">\n\t\t\t\t\t\t\t\t\t\t\t\t\t\t\t<img decoding=\"async\" width=\"724\" height=\"1024\" src=\"https:\/\/bonjovirevival.sk\/wp-content\/uploads\/2026\/01\/BJREV_PLAGAT_COLL-724x1024.png\" class=\"attachment-large size-large wp-image-2601\" alt=\"\" srcset=\"https:\/\/bonjovirevival.sk\/wp-content\/uploads\/2026\/01\/BJREV_PLAGAT_COLL-724x1024.png 724w, https:\/\/bonjovirevival.sk\/wp-content\/uploads\/2026\/01\/BJREV_PLAGAT_COLL-212x300.png 212w, https:\/\/bonjovirevival.sk\/wp-content\/uploads\/2026\/01\/BJREV_PLAGAT_COLL-106x150.png 106w, https:\/\/bonjovirevival.sk\/wp-content\/uploads\/2026\/01\/BJREV_PLAGAT_COLL-768x1086.png 768w, https:\/\/bonjovirevival.sk\/wp-content\/uploads\/2026\/01\/BJREV_PLAGAT_COLL-1086x1536.png 1086w, https:\/\/bonjovirevival.sk\/wp-content\/uploads\/2026\/01\/BJREV_PLAGAT_COLL-1448x2048.png 1448w, https:\/\/bonjovirevival.sk\/wp-content\/uploads\/2026\/01\/BJREV_PLAGAT_COLL-8x12.png 8w, https:\/\/bonjovirevival.sk\/wp-content\/uploads\/2026\/01\/BJREV_PLAGAT_COLL.png 1587w\" sizes=\"(max-width: 724px) 100vw, 724px\" \/>\t\t\t\t\t\t\t\t\t\t\t\t\t\t\t<\/div>\n\t\t\t\t<\/div>\n\t\t\t\t\t<\/div>\n\t\t<\/div>\n\t\t\t\t\t<\/div>\n\t\t<\/section>\n\t\t\t\t<section class=\"elementor-section elementor-top-section elementor-element elementor-element-066a009 elementor-section-boxed elementor-section-height-default elementor-section-height-default\" data-id=\"066a009\" data-element_type=\"section\">\n\t\t\t\t\t\t<div class=\"elementor-container elementor-column-gap-default\">\n\t\t\t\t\t<div class=\"elementor-column elementor-col-100 elementor-top-column elementor-element elementor-element-d7cce60\" data-id=\"d7cce60\" data-element_type=\"column\">\n\t\t\t<div class=\"elementor-widget-wrap elementor-element-populated\">\n\t\t\t\t\t\t<div class=\"elementor-element elementor-element-0ca08b7 elementor-widget elementor-widget-image\" data-id=\"0ca08b7\" data-element_type=\"widget\" data-widget_type=\"image.default\">\n\t\t\t\t<div class=\"elementor-widget-container\">\n\t\t\t\t\t\t\t\t\t\t\t\t\t\t\t<img decoding=\"async\" width=\"940\" height=\"788\" src=\"https:\/\/bonjovirevival.sk\/wp-content\/uploads\/2026\/04\/IMG_5355.jpg\" class=\"attachment-large size-large wp-image-2631\" alt=\"\" srcset=\"https:\/\/bonjovirevival.sk\/wp-content\/uploads\/2026\/04\/IMG_5355.jpg 940w, https:\/\/bonjovirevival.sk\/wp-content\/uploads\/2026\/04\/IMG_5355-358x300.jpg 358w, https:\/\/bonjovirevival.sk\/wp-content\/uploads\/2026\/04\/IMG_5355-150x126.jpg 150w, https:\/\/bonjovirevival.sk\/wp-content\/uploads\/2026\/04\/IMG_5355-768x644.jpg 768w, https:\/\/bonjovirevival.sk\/wp-content\/uploads\/2026\/04\/IMG_5355-14x12.jpg 14w\" sizes=\"(max-width: 940px) 100vw, 940px\" \/>\t\t\t\t\t\t\t\t\t\t\t\t\t\t\t<\/div>\n\t\t\t\t<\/div>\n\t\t\t\t\t<\/div>\n\t\t<\/div>\n\t\t\t\t\t<\/div>\n\t\t<\/section>\n\t\t\t\t<section class=\"elementor-section elementor-top-section elementor-element elementor-element-d6f5304 elementor-section-boxed elementor-section-height-default elementor-section-height-default\" data-id=\"d6f5304\" data-element_type=\"section\">\n\t\t\t\t\t\t<div class=\"elementor-container elementor-column-gap-default\">\n\t\t\t\t\t<div class=\"elementor-column elementor-col-100 elementor-top-column elementor-element elementor-element-2a54ebb\" data-id=\"2a54ebb\" data-element_type=\"column\">\n\t\t\t<div class=\"elementor-widget-wrap elementor-element-populated\">\n\t\t\t\t\t\t<div class=\"elementor-element elementor-element-9b76459 elementor-widget elementor-widget-image\" data-id=\"9b76459\" data-element_type=\"widget\" data-widget_type=\"image.default\">\n\t\t\t\t<div class=\"elementor-widget-container\">\n\t\t\t\t\t\t\t\t\t\t\t\t\t\t\t<img loading=\"lazy\" decoding=\"async\" width=\"817\" height=\"1024\" src=\"https:\/\/bonjovirevival.sk\/wp-content\/uploads\/2025\/07\/valmez25-817x1024.jpg\" class=\"attachment-large size-large wp-image-1933\" alt=\"\" srcset=\"https:\/\/bonjovirevival.sk\/wp-content\/uploads\/2025\/07\/valmez25-817x1024.jpg 817w, https:\/\/bonjovirevival.sk\/wp-content\/uploads\/2025\/07\/valmez25-239x300.jpg 239w, https:\/\/bonjovirevival.sk\/wp-content\/uploads\/2025\/07\/valmez25-120x150.jpg 120w, https:\/\/bonjovirevival.sk\/wp-content\/uploads\/2025\/07\/valmez25-768x963.jpg 768w, https:\/\/bonjovirevival.sk\/wp-content\/uploads\/2025\/07\/valmez25-1225x1536.jpg 1225w, https:\/\/bonjovirevival.sk\/wp-content\/uploads\/2025\/07\/valmez25-10x12.jpg 10w, https:\/\/bonjovirevival.sk\/wp-content\/uploads\/2025\/07\/valmez25.jpg 1633w\" sizes=\"(max-width: 817px) 100vw, 817px\" \/>\t\t\t\t\t\t\t\t\t\t\t\t\t\t\t<\/div>\n\t\t\t\t<\/div>\n\t\t\t\t\t<\/div>\n\t\t<\/div>\n\t\t\t\t\t<\/div>\n\t\t<\/section>\n\t\t\t\t<section class=\"elementor-section elementor-top-section elementor-element elementor-element-ee7fced elementor-section-boxed elementor-section-height-default elementor-section-height-default\" data-id=\"ee7fced\" data-element_type=\"section\">\n\t\t\t\t\t\t<div class=\"elementor-container elementor-column-gap-default\">\n\t\t\t\t\t<div class=\"elementor-column elementor-col-100 elementor-top-column elementor-element elementor-element-8832f62\" data-id=\"8832f62\" data-element_type=\"column\">\n\t\t\t<div class=\"elementor-widget-wrap elementor-element-populated\">\n\t\t\t\t\t\t<div class=\"elementor-element elementor-element-5f9e415 elementor-widget elementor-widget-heading\" data-id=\"5f9e415\" data-element_type=\"widget\" data-widget_type=\"heading.default\">\n\t\t\t\t<div class=\"elementor-widget-container\">\n\t\t\t\t\t<h2 class=\"elementor-heading-title elementor-size-default\">Maj\u00e1les Zahura Spi\u0161sk\u00e9 Vlachy 03\/05\/2025<\/h2>\t\t\t\t<\/div>\n\t\t\t\t<\/div>\n\t\t\t\t\t<\/div>\n\t\t<\/div>\n\t\t\t\t\t<\/div>\n\t\t<\/section>\n\t\t\t\t<section class=\"elementor-section elementor-top-section elementor-element elementor-element-8a09d7e elementor-section-boxed elementor-section-height-default elementor-section-height-default\" data-id=\"8a09d7e\" data-element_type=\"section\">\n\t\t\t\t\t\t<div class=\"elementor-container elementor-column-gap-default\">\n\t\t\t\t\t<div class=\"elementor-column elementor-col-100 elementor-top-column elementor-element elementor-element-c8d8120\" data-id=\"c8d8120\" data-element_type=\"column\">\n\t\t\t<div class=\"elementor-widget-wrap elementor-element-populated\">\n\t\t\t\t\t\t<div class=\"elementor-element elementor-element-f8b1dd7 elementor-widget elementor-widget-video\" data-id=\"f8b1dd7\" data-element_type=\"widget\" data-settings=\"{&quot;youtube_url&quot;:&quot;https:\\\/\\\/www.youtube.com\\\/watch?v=8uwM0gSEkYE&quot;,&quot;video_type&quot;:&quot;youtube&quot;,&quot;controls&quot;:&quot;yes&quot;}\" data-widget_type=\"video.default\">\n\t\t\t\t<div class=\"elementor-widget-container\">\n\t\t\t\t\t\t\t<div class=\"elementor-wrapper elementor-open-inline\">\n\t\t\t<div class=\"elementor-video\"><\/div>\t\t<\/div>\n\t\t\t\t\t\t<\/div>\n\t\t\t\t<\/div>\n\t\t\t\t\t<\/div>\n\t\t<\/div>\n\t\t\t\t\t<\/div>\n\t\t<\/section>\n\t\t\t\t<section class=\"elementor-section elementor-top-section elementor-element elementor-element-d7eca1b elementor-section-boxed elementor-section-height-default elementor-section-height-default\" data-id=\"d7eca1b\" data-element_type=\"section\">\n\t\t\t\t\t\t<div class=\"elementor-container elementor-column-gap-default\">\n\t\t\t\t\t<div class=\"elementor-column elementor-col-100 elementor-top-column elementor-element elementor-element-9a95858\" data-id=\"9a95858\" data-element_type=\"column\">\n\t\t\t<div class=\"elementor-widget-wrap elementor-element-populated\">\n\t\t\t\t\t\t<div class=\"elementor-element elementor-element-f0e7968 elementor-widget elementor-widget-heading\" data-id=\"f0e7968\" data-element_type=\"widget\" data-widget_type=\"heading.default\">\n\t\t\t\t<div class=\"elementor-widget-container\">\n\t\t\t\t\t<h2 class=\"elementor-heading-title elementor-size-default\">Live in  Ko\u0161ice 03\/14\/2025<\/h2>\t\t\t\t<\/div>\n\t\t\t\t<\/div>\n\t\t\t\t\t<\/div>\n\t\t<\/div>\n\t\t\t\t\t<\/div>\n\t\t<\/section>\n\t\t\t\t<section class=\"elementor-section elementor-top-section elementor-element elementor-element-d2ff0fe elementor-section-boxed elementor-section-height-default elementor-section-height-default\" data-id=\"d2ff0fe\" data-element_type=\"section\">\n\t\t\t\t\t\t<div class=\"elementor-container elementor-column-gap-default\">\n\t\t\t\t\t<div class=\"elementor-column elementor-col-100 elementor-top-column elementor-element elementor-element-077272d\" data-id=\"077272d\" data-element_type=\"column\">\n\t\t\t<div class=\"elementor-widget-wrap elementor-element-populated\">\n\t\t\t\t\t\t<div class=\"elementor-element elementor-element-2800c3a elementor-widget elementor-widget-video\" data-id=\"2800c3a\" data-element_type=\"widget\" data-settings=\"{&quot;youtube_url&quot;:&quot;https:\\\/\\\/www.youtube.com\\\/watch?v=lvDB4f7gjWs&quot;,&quot;video_type&quot;:&quot;youtube&quot;,&quot;controls&quot;:&quot;yes&quot;}\" data-widget_type=\"video.default\">\n\t\t\t\t<div class=\"elementor-widget-container\">\n\t\t\t\t\t\t\t<div class=\"elementor-wrapper elementor-open-inline\">\n\t\t\t<div class=\"elementor-video\"><\/div>\t\t<\/div>\n\t\t\t\t\t\t<\/div>\n\t\t\t\t<\/div>\n\t\t\t\t\t<\/div>\n\t\t<\/div>\n\t\t\t\t\t<\/div>\n\t\t<\/section>\n\t\t\t\t<section class=\"elementor-section elementor-top-section elementor-element elementor-element-98c934e elementor-section-boxed elementor-section-height-default elementor-section-height-default\" data-id=\"98c934e\" data-element_type=\"section\">\n\t\t\t\t\t\t<div class=\"elementor-container elementor-column-gap-default\">\n\t\t\t\t\t<div class=\"elementor-column elementor-col-100 elementor-top-column elementor-element elementor-element-7c54a1e\" data-id=\"7c54a1e\" data-element_type=\"column\">\n\t\t\t<div class=\"elementor-widget-wrap elementor-element-populated\">\n\t\t\t\t\t\t<div class=\"elementor-element elementor-element-3fbcdd8 elementor-widget elementor-widget-heading\" data-id=\"3fbcdd8\" data-element_type=\"widget\" data-widget_type=\"heading.default\">\n\t\t\t\t<div class=\"elementor-widget-container\">\n\t\t\t\t\t<h2 class=\"elementor-heading-title elementor-size-default\">Objedn\u00e1vka koncertu 2024<\/h2>\t\t\t\t<\/div>\n\t\t\t\t<\/div>\n\t\t\t\t\t<\/div>\n\t\t<\/div>\n\t\t\t\t\t<\/div>\n\t\t<\/section>\n\t\t\t\t<section class=\"elementor-section elementor-top-section elementor-element elementor-element-73f6ae0 elementor-section-boxed elementor-section-height-default elementor-section-height-default\" data-id=\"73f6ae0\" data-element_type=\"section\">\n\t\t\t\t\t\t<div class=\"elementor-container elementor-column-gap-default\">\n\t\t\t\t\t<div class=\"elementor-column elementor-col-100 elementor-top-column elementor-element elementor-element-47da3da\" data-id=\"47da3da\" data-element_type=\"column\">\n\t\t\t<div class=\"elementor-widget-wrap elementor-element-populated\">\n\t\t\t\t\t\t<div class=\"elementor-element elementor-element-ad18d5b elementor-widget elementor-widget-video\" data-id=\"ad18d5b\" data-element_type=\"widget\" data-settings=\"{&quot;youtube_url&quot;:&quot;https:\\\/\\\/www.youtube.com\\\/watch?v=HmJFtbNf774&quot;,&quot;video_type&quot;:&quot;youtube&quot;,&quot;controls&quot;:&quot;yes&quot;}\" data-widget_type=\"video.default\">\n\t\t\t\t<div class=\"elementor-widget-container\">\n\t\t\t\t\t\t\t<div class=\"elementor-wrapper elementor-open-inline\">\n\t\t\t<div class=\"elementor-video\"><\/div>\t\t<\/div>\n\t\t\t\t\t\t<\/div>\n\t\t\t\t<\/div>\n\t\t\t\t\t<\/div>\n\t\t<\/div>\n\t\t\t\t\t<\/div>\n\t\t<\/section>\n\t\t\t\t<\/div>","protected":false},"excerpt":{"rendered":"<p>Maj\u00e1les Zahura Spi\u0161sk\u00e9 Vlachy 03\/05\/2025 Na\u017eivo v Ko\u0161iciach 14\/03\/2025 Objedn\u00e1vka koncertu 2024<\/p>","protected":false},"author":1,"featured_media":0,"parent":0,"menu_order":0,"comment_status":"closed","ping_status":"closed","template":"","meta":{"site-sidebar-layout":"no-sidebar","site-content-layout":"page-builder","ast-site-content-layout":"full-width-container","site-content-style":"unboxed","site-sidebar-style":"unboxed","ast-global-header-display":"","ast-banner-title-visibility":"","ast-main-header-display":"","ast-hfb-above-header-display":"","ast-hfb-below-header-display":"","ast-hfb-mobile-header-display":"","site-post-title":"disabled","ast-breadcrumbs-content":"disabled","ast-featured-img":"disabled","footer-sml-layout":"","ast-disable-related-posts":"","theme-transparent-header-meta":"enabled","adv-header-id-meta":"","stick-header-meta":"","header-above-stick-meta":"","header-main-stick-meta":"","header-below-stick-meta":"","astra-migrate-meta-layouts":"set","ast-page-background-enabled":"default","ast-page-background-meta":{"desktop":{"background-color":"","background-image":"","background-repeat":"repeat","background-position":"center center","background-size":"auto","background-attachment":"scroll","background-type":"","background-media":"","overlay-type":"","overlay-color":"","overlay-opacity":"","overlay-gradient":""},"tablet":{"background-color":"","background-image":"","background-repeat":"repeat","background-position":"center center","background-size":"auto","background-attachment":"scroll","background-type":"","background-media":"","overlay-type":"","overlay-color":"","overlay-opacity":"","overlay-gradient":""},"mobile":{"background-color":"","background-image":"","background-repeat":"repeat","background-position":"center center","background-size":"auto","background-attachment":"scroll","background-type":"","background-media":"","overlay-type":"","overlay-color":"","overlay-opacity":"","overlay-gradient":""}},"ast-content-background-meta":{"desktop":{"background-color":"var(--ast-global-color-5)","background-image":"","background-repeat":"repeat","background-position":"center center","background-size":"auto","background-attachment":"scroll","background-type":"","background-media":"","overlay-type":"","overlay-color":"","overlay-opacity":"","overlay-gradient":""},"tablet":{"background-color":"var(--ast-global-color-5)","background-image":"","background-repeat":"repeat","background-position":"center center","background-size":"auto","background-attachment":"scroll","background-type":"","background-media":"","overlay-type":"","overlay-color":"","overlay-opacity":"","overlay-gradient":""},"mobile":{"background-color":"var(--ast-global-color-5)","background-image":"","background-repeat":"repeat","background-position":"center center","background-size":"auto","background-attachment":"scroll","background-type":"","background-media":"","overlay-type":"","overlay-color":"","overlay-opacity":"","overlay-gradient":""}},"footnotes":""},"class_list":["post-1040","page","type-page","status-publish","hentry"],"_links":{"self":[{"href":"https:\/\/bonjovirevival.sk\/en\/wp-json\/wp\/v2\/pages\/1040","targetHints":{"allow":["GET"]}}],"collection":[{"href":"https:\/\/bonjovirevival.sk\/en\/wp-json\/wp\/v2\/pages"}],"about":[{"href":"https:\/\/bonjovirevival.sk\/en\/wp-json\/wp\/v2\/types\/page"}],"author":[{"embeddable":true,"href":"https:\/\/bonjovirevival.sk\/en\/wp-json\/wp\/v2\/users\/1"}],"replies":[{"embeddable":true,"href":"https:\/\/bonjovirevival.sk\/en\/wp-json\/wp\/v2\/comments?post=1040"}],"version-history":[{"count":69,"href":"https:\/\/bonjovirevival.sk\/en\/wp-json\/wp\/v2\/pages\/1040\/revisions"}],"predecessor-version":[{"id":2634,"href":"https:\/\/bonjovirevival.sk\/en\/wp-json\/wp\/v2\/pages\/1040\/revisions\/2634"}],"wp:attachment":[{"href":"https:\/\/bonjovirevival.sk\/en\/wp-json\/wp\/v2\/media?parent=1040"}],"curies":[{"name":"wp","href":"https:\/\/api.w.org\/{rel}","templated":true}]}}